{"id":2,"date":"2021-01-22T15:35:47","date_gmt":"2021-01-22T14:35:47","guid":{"rendered":"https:\/\/www.gundlach-automotive.com\/enkei\/?page_id=2"},"modified":"2021-01-22T16:36:54","modified_gmt":"2021-01-22T15:36:54","slug":"start","status":"publish","type":"page","link":"https:\/\/enkei.stage.blindwerk.de\/de\/","title":{"rendered":"Willkommen bei Enkei &#8211; 360\u00b0 Perfect Wheels"},"content":{"rendered":"\n<p>Seit nun mehr als drei Dekaden ist Enkei in der Weltspitze des Motorsports vertreten, und seit diesem Zeitraum steht das Logo der japanischen Felgenschmiede Enkei f\u00fcr h\u00f6chste Qualit\u00e4t in Sachen Form, Verarbeitung und Know-How von Aluminiumfelgen.<\/p>\n\n\n\n<blockquote class=\"wp-block-quote is-layout-flow wp-block-quote-is-layout-flow\"><p>Nicht umsonst wurde das top Produkt Enkei bisher auch in Motorsportklassen wie der Formel-1 oder der Asian Drift Series eingesetzt und ist dort h\u00f6chsten Qualit\u00e4tsanspr\u00fcchen mehr als gerecht geworden.<\/p><\/blockquote>\n\n\n\n<p>Auch in Deutschland wird die Marke Enkei nicht nur bei motosportbegeisterten Tuningfans gesch\u00e4tzt und genie\u00dft eine respektvolle Reputation in der Szene. Untern anderem auch,&nbsp;weil Enkei Alur\u00e4der Ihrem Kraftfahrzeug mit geringen Aufwand ein hohes Ma\u00df an sportlicher Dynamik und edlem Erscheinungsbild verleihen.<\/p>\n\n\n\n<blockquote class=\"wp-block-quote is-layout-flow wp-block-quote-is-layout-flow\"><p>Technisch h\u00f6chstes Niveau best\u00e4tigt auch der deutsche T\u00dcV durch die Freigabe der Leichtmetallr\u00e4der f\u00fcr den Deutschen- und Europ\u00e4ischen Stra\u00dfenverkehr.<\/p><\/blockquote>\n","protected":false},"excerpt":{"rendered":"<p>Seit nun mehr als drei Dekaden ist Enkei in der Weltspitze des Motorsports vertreten, und seit diesem Zeitraum steht das Logo der japanischen Felgenschmiede Enkei f\u00fcr h\u00f6chste Qualit\u00e4t in Sachen Form, Verarbeitung und Know-How von Aluminiumfelgen. Nicht umsonst wurde das top Produkt Enkei bisher auch in Motorsportklassen wie der Formel-1 oder der Asian Drift Series [&hellip;]<\/p>\n","protected":false},"author":1,"featured_media":0,"parent":0,"menu_order":1,"comment_status":"closed","ping_status":"closed","template":"","meta":{"footnotes":""},"class_list":["post-2","page","type-page","status-publish","hentry"],"_links":{"self":[{"href":"https:\/\/enkei.stage.blindwerk.de\/de\/wp-json\/wp\/v2\/pages\/2","targetHints":{"allow":["GET"]}}],"collection":[{"href":"https:\/\/enkei.stage.blindwerk.de\/de\/wp-json\/wp\/v2\/pages"}],"about":[{"href":"https:\/\/enkei.stage.blindwerk.de\/de\/wp-json\/wp\/v2\/types\/page"}],"author":[{"embeddable":true,"href":"https:\/\/enkei.stage.blindwerk.de\/de\/wp-json\/wp\/v2\/users\/1"}],"replies":[{"embeddable":true,"href":"https:\/\/enkei.stage.blindwerk.de\/de\/wp-json\/wp\/v2\/comments?post=2"}],"version-history":[{"count":2,"href":"https:\/\/enkei.stage.blindwerk.de\/de\/wp-json\/wp\/v2\/pages\/2\/revisions"}],"predecessor-version":[{"id":35,"href":"https:\/\/enkei.stage.blindwerk.de\/de\/wp-json\/wp\/v2\/pages\/2\/revisions\/35"}],"wp:attachment":[{"href":"https:\/\/enkei.stage.blindwerk.de\/de\/wp-json\/wp\/v2\/media?parent=2"}],"curies":[{"name":"wp","href":"https:\/\/api.w.org\/{rel}","templated":true}]}}